{"id":11,"date":"2015-02-06T02:08:56","date_gmt":"2015-02-06T02:08:56","guid":{"rendered":"http:\/\/spss.wp.w3.pt\/?page_id=11"},"modified":"2015-02-06T18:44:40","modified_gmt":"2015-02-06T18:44:40","slug":"o-livro","status":"publish","type":"page","link":"http:\/\/spss.w3.pt\/?page_id=11","title":{"rendered":"O livro"},"content":{"rendered":"<p><a href=\"http:\/\/spss.w3.pt\/wp-content\/uploads\/sites\/8\/2015\/02\/SPSS-444.jpg\"><img loading=\"lazy\" decoding=\"async\" class=\" size-medium wp-image-51 alignleft\" src=\"http:\/\/spss.w3.pt\/wp-content\/uploads\/sites\/8\/2015\/02\/SPSS-444-212x300.jpg\" alt=\"SPSS-444\" width=\"212\" height=\"300\" srcset=\"http:\/\/spss.wp.w3.pt\/wp-content\/uploads\/sites\/8\/2015\/02\/SPSS-444-212x300.jpg 212w, http:\/\/spss.wp.w3.pt\/wp-content\/uploads\/sites\/8\/2015\/02\/SPSS-444-71x100.jpg 71w, http:\/\/spss.wp.w3.pt\/wp-content\/uploads\/sites\/8\/2015\/02\/SPSS-444.jpg 444w\" sizes=\"(max-width: 212px) 100vw, 212px\" \/><\/a><br \/>\nPEREIRA, Alexandre ; PATR\u00cdCIO, Teresa &#8211;<span class=\"Apple-converted-space\">\u00a0<\/span><b>SPSS: guia pr\u00e1tico de utiliza\u00e7\u00e3o: an\u00e1lise de dados para Ci\u00eancias Sociais e Psicologia<\/b>. 8.\u00aa ed. Lisboa : S\u00edlabo, 2013. ISBN 978-972-618-736-3. 256p.<\/p>\n<p>&nbsp;<\/p>\n<p>Este livro apresenta uma abordagem da an\u00e1lise estat\u00edstica de dados para o dom\u00ednio das Ci\u00eancias Sociais, quando a ferramenta de c\u00e1lculo utilizada \u00e9 o SPSS (Statistical Package for the Social Sciences).<\/p>\n<p>O SPSS \u00e9 uma poderosa ferramenta inform\u00e1tica que permite realizar c\u00e1lculos estat\u00edsticos complexos, e visualizar os seus resultados, em poucos segundos. N\u00e3o obstante, dois \u00f3bices interp\u00f5em-se entre as boas inten\u00e7\u00f5es do utilizador e o seu objetivo: saber que teste estat\u00edstico utilizar para responder \u00e0s suas quest\u00f5es; e interpretar corretamente os resultados do c\u00e1lculo estat\u00edstico efetuado. O presente livro pretende responder a esses dois problemas: dando exemplos pr\u00e1ticos de utiliza\u00e7\u00e3o de diversos testes estat\u00edsticos, assim como dos seus princ\u00edpios de utiliza\u00e7\u00e3o; e apresentando uma interpreta\u00e7\u00e3o sucinta dos resultados obtidos. Estes exemplos s\u00e3o complementados com exerc\u00edcios, em parte resolvidos, no fim de cada cap\u00edtulo, desde o terceiro ao pen\u00faltimo.<\/p>\n<p>Os tr\u00eas primeiros cap\u00edtulos constituem uma introdu\u00e7\u00e3o \u00e0 utiliza\u00e7\u00e3o do programa. O \u00faltimo cap\u00edtulo apresenta uma descri\u00e7\u00e3o sobre as funcionalidades de impress\u00e3o. Os cap\u00edtulos interm\u00e9dios abordam o tratamento de dados em \u00e1reas como: transforma\u00e7\u00e3o de dados, s\u00e9ries de dados temporais, compara\u00e7\u00e3o de grupos de casos, an\u00e1lise fatorial, an\u00e1lise de consist\u00eancia interna de escalas, regress\u00e3o linear, cruzamento de vari\u00e1veis, testes t, ANOVA, testes n\u00e3o param\u00e9tricos, an\u00e1lise de clusters e an\u00e1lise discriminante.<br \/>\nAborda-se tamb\u00e9m a problem\u00e1tica dos inqu\u00e9ritos na Internet.<\/p>\n","protected":false},"excerpt":{"rendered":"<p>PEREIRA, Alexandre ; PATR\u00cdCIO, Teresa &#8211;\u00a0SPSS: guia pr\u00e1tico de utiliza\u00e7\u00e3o: an\u00e1lise de dados para Ci\u00eancias Sociais e Psicologia. 8.\u00aa ed. Lisboa : S\u00edlabo, 2013. ISBN 978-972-618-736-3. 256p. &nbsp; Este livro apresenta uma abordagem da an\u00e1lise estat\u00edstica de dados para o dom\u00ednio das Ci\u00eancias Sociais, quando a ferramenta de c\u00e1lculo utilizada \u00e9 o SPSS (Statistical Package [&hellip;]<\/p>\n","protected":false},"author":1,"featured_media":0,"parent":0,"menu_order":0,"comment_status":"closed","ping_status":"closed","template":"","meta":{"footnotes":""},"_links":{"self":[{"href":"http:\/\/spss.w3.pt\/index.php?rest_route=\/wp\/v2\/pages\/11"}],"collection":[{"href":"http:\/\/spss.w3.pt\/index.php?rest_route=\/wp\/v2\/pages"}],"about":[{"href":"http:\/\/spss.w3.pt\/index.php?rest_route=\/wp\/v2\/types\/page"}],"author":[{"embeddable":true,"href":"http:\/\/spss.w3.pt\/index.php?rest_route=\/wp\/v2\/users\/1"}],"replies":[{"embeddable":true,"href":"http:\/\/spss.w3.pt\/index.php?rest_route=%2Fwp%2Fv2%2Fcomments&post=11"}],"version-history":[{"count":8,"href":"http:\/\/spss.w3.pt\/index.php?rest_route=\/wp\/v2\/pages\/11\/revisions"}],"predecessor-version":[{"id":52,"href":"http:\/\/spss.w3.pt\/index.php?rest_route=\/wp\/v2\/pages\/11\/revisions\/52"}],"wp:attachment":[{"href":"http:\/\/spss.w3.pt\/index.php?rest_route=%2Fwp%2Fv2%2Fmedia&parent=11"}],"curies":[{"name":"wp","href":"https:\/\/api.w.org\/{rel}","templated":true}]}}