{"id":18,"date":"2015-02-06T02:21:33","date_gmt":"2015-02-06T02:21:33","guid":{"rendered":"http:\/\/spss.wp.w3.pt\/?page_id=18"},"modified":"2015-02-06T18:37:57","modified_gmt":"2015-02-06T18:37:57","slug":"os-autores","status":"publish","type":"page","link":"http:\/\/spss.w3.pt\/?page_id=18","title":{"rendered":"Os autores"},"content":{"rendered":"<p><a href=\"http:\/\/spss.w3.pt\/wp-content\/uploads\/sites\/8\/2015\/02\/alex-225.jpg\"><img loading=\"lazy\" decoding=\"async\" class=\" size-medium wp-image-44 alignleft\" src=\"http:\/\/spss.w3.pt\/wp-content\/uploads\/sites\/8\/2015\/02\/alex-225-225x300.jpg\" alt=\"alex-225\" width=\"225\" height=\"300\" srcset=\"http:\/\/spss.wp.w3.pt\/wp-content\/uploads\/sites\/8\/2015\/02\/alex-225.jpg 225w, http:\/\/spss.wp.w3.pt\/wp-content\/uploads\/sites\/8\/2015\/02\/alex-225-75x100.jpg 75w\" sizes=\"(max-width: 225px) 100vw, 225px\" \/><\/a><\/p>\n<p>Alexandre Pereira Licenciado e mestre em Eng. Eletrot\u00e9cnica e de Computadores pelo Instituto Superior T\u00e9cnico Licenciado em Antropologia, pela Faculdade de Ci\u00eancias Sociais e Humanas da Universidade Nova de Lisboa. Doutorando em e-planning na Faculdade de Ci\u00eancias Sociais e Humanas.<\/p>\n<p>Professor na Universidade Lus\u00f3fona de Humanidades e Tecnologias e na Universidade Europeia, Laureate International Universities.<\/p>\n<p>Lecionou Estat\u00edstica, An\u00e1lise de Dados e SPSS na ULHT, na UE, no ISPA e no Instituto Superior de Gest\u00e3o Banc\u00e1ria.<\/p>\n<p>Lecionou cursos de forma\u00e7\u00e3o em an\u00e1lise e processamento de dados, utilizando o SPSS, no Instituto Nacional de Estat\u00edstica, no CEFA, no CEPRA, entre outras institui\u00e7\u00f5es.<\/p>\n<p>Para al\u00e9m disso, desenvolve aplica\u00e7\u00f5es inform\u00e1ticas na \u00e1rea da Psicologia Cognitiva, para projectos de investiga\u00e7\u00e3o do departamento de Psicologia Cognitiva da Faculdade de Psicologia da Universidade de Lisboa. Est\u00e1 tamb\u00e9m ligado a projectos de ensino a dist\u00e2ncia na Faculdade de Motricidade Humana da Universidade T\u00e9cnica de Lisboa.<\/p>\n<p><a href=\"http:\/\/spss.w3.pt\/wp-content\/uploads\/sites\/8\/2015\/02\/teresa-225.jpg\"><img loading=\"lazy\" decoding=\"async\" class=\" size-medium wp-image-45 alignleft\" src=\"http:\/\/spss.w3.pt\/wp-content\/uploads\/sites\/8\/2015\/02\/teresa-225-225x300.jpg\" alt=\"teresa-225\" width=\"225\" height=\"300\" srcset=\"http:\/\/spss.wp.w3.pt\/wp-content\/uploads\/sites\/8\/2015\/02\/teresa-225.jpg 225w, http:\/\/spss.wp.w3.pt\/wp-content\/uploads\/sites\/8\/2015\/02\/teresa-225-75x100.jpg 75w\" sizes=\"(max-width: 225px) 100vw, 225px\" \/><\/a><\/p>\n<p>Teresa Patr\u00edcio Licenciada e mestre em Psicologia Cl\u00ednica pela Universidade Lus\u00f3fona de Humanidades e Tecnologias.<\/p>\n<p>Consultora em An\u00e1lise de Dados e SPSS.<\/p>\n<p>Psic\u00f3loga cl\u00ednica, trabalha em avalia\u00e7\u00e3o, aconselhamento e acompanhamento em Psicoterapia.<\/p>\n","protected":false},"excerpt":{"rendered":"<p>Alexandre Pereira Licenciado e mestre em Eng. Eletrot\u00e9cnica e de Computadores pelo Instituto Superior T\u00e9cnico Licenciado em Antropologia, pela Faculdade de Ci\u00eancias Sociais e Humanas da Universidade Nova de Lisboa. Doutorando em e-planning na Faculdade de Ci\u00eancias Sociais e Humanas. Professor na Universidade Lus\u00f3fona de Humanidades e Tecnologias e na Universidade Europeia, Laureate International Universities. [&hellip;]<\/p>\n","protected":false},"author":1,"featured_media":0,"parent":0,"menu_order":0,"comment_status":"closed","ping_status":"closed","template":"","meta":{"footnotes":""},"_links":{"self":[{"href":"http:\/\/spss.w3.pt\/index.php?rest_route=\/wp\/v2\/pages\/18"}],"collection":[{"href":"http:\/\/spss.w3.pt\/index.php?rest_route=\/wp\/v2\/pages"}],"about":[{"href":"http:\/\/spss.w3.pt\/index.php?rest_route=\/wp\/v2\/types\/page"}],"author":[{"embeddable":true,"href":"http:\/\/spss.w3.pt\/index.php?rest_route=\/wp\/v2\/users\/1"}],"replies":[{"embeddable":true,"href":"http:\/\/spss.w3.pt\/index.php?rest_route=%2Fwp%2Fv2%2Fcomments&post=18"}],"version-history":[{"count":4,"href":"http:\/\/spss.w3.pt\/index.php?rest_route=\/wp\/v2\/pages\/18\/revisions"}],"predecessor-version":[{"id":47,"href":"http:\/\/spss.w3.pt\/index.php?rest_route=\/wp\/v2\/pages\/18\/revisions\/47"}],"wp:attachment":[{"href":"http:\/\/spss.w3.pt\/index.php?rest_route=%2Fwp%2Fv2%2Fmedia&parent=18"}],"curies":[{"name":"wp","href":"https:\/\/api.w.org\/{rel}","templated":true}]}}