{"id":25,"date":"2015-02-06T02:25:27","date_gmt":"2015-02-06T02:25:27","guid":{"rendered":"http:\/\/spss.wp.w3.pt\/?page_id=25"},"modified":"2015-02-07T19:09:12","modified_gmt":"2015-02-07T19:09:12","slug":"ficheiros-de-dados","status":"publish","type":"page","link":"http:\/\/spss.w3.pt\/?page_id=25","title":{"rendered":"Ficheiros de dados"},"content":{"rendered":"<p>Os ficheiros de dados dos exerc\u00edcios e exemplos do livro<span class=\"Apple-converted-space\">\u00a0<\/span><a href=\"http:\/\/spss.mediateca.pt\/base.php?base=livro\">&#8220;SPSS &#8211; Guia Pr\u00e1tico de Utiliza\u00e7\u00e3o&#8221;<\/a>, de Alexandre Pereira, est\u00e3o dispon\u00edveis em ficheiro ZIP, ou auto-descompact\u00e1vel:<\/p>\n<p><a href=\"dados\/spss\/dados.zip\">Ficheiro de dados para o Livro (ZIP)<span class=\"Apple-converted-space\">\u00a0<\/span>[124 kb]<\/a><\/p>\n","protected":false},"excerpt":{"rendered":"<p>Os ficheiros de dados dos exerc\u00edcios e exemplos do livro\u00a0&#8220;SPSS &#8211; Guia Pr\u00e1tico de Utiliza\u00e7\u00e3o&#8221;, de Alexandre Pereira, est\u00e3o dispon\u00edveis em ficheiro ZIP, ou auto-descompact\u00e1vel: Ficheiro de dados para o Livro (ZIP)\u00a0[124 kb]<\/p>\n","protected":false},"author":1,"featured_media":0,"parent":0,"menu_order":0,"comment_status":"closed","ping_status":"closed","template":"","meta":{"footnotes":""},"_links":{"self":[{"href":"http:\/\/spss.w3.pt\/index.php?rest_route=\/wp\/v2\/pages\/25"}],"collection":[{"href":"http:\/\/spss.w3.pt\/index.php?rest_route=\/wp\/v2\/pages"}],"about":[{"href":"http:\/\/spss.w3.pt\/index.php?rest_route=\/wp\/v2\/types\/page"}],"author":[{"embeddable":true,"href":"http:\/\/spss.w3.pt\/index.php?rest_route=\/wp\/v2\/users\/1"}],"replies":[{"embeddable":true,"href":"http:\/\/spss.w3.pt\/index.php?rest_route=%2Fwp%2Fv2%2Fcomments&post=25"}],"version-history":[{"count":2,"href":"http:\/\/spss.w3.pt\/index.php?rest_route=\/wp\/v2\/pages\/25\/revisions"}],"predecessor-version":[{"id":75,"href":"http:\/\/spss.w3.pt\/index.php?rest_route=\/wp\/v2\/pages\/25\/revisions\/75"}],"wp:attachment":[{"href":"http:\/\/spss.w3.pt\/index.php?rest_route=%2Fwp%2Fv2%2Fmedia&parent=25"}],"curies":[{"name":"wp","href":"https:\/\/api.w.org\/{rel}","templated":true}]}}