{"id":31,"date":"2015-02-06T02:33:26","date_gmt":"2015-02-06T02:33:26","guid":{"rendered":"http:\/\/spss.wp.w3.pt\/?page_id=31"},"modified":"2015-02-06T02:33:26","modified_gmt":"2015-02-06T02:33:26","slug":"recomendado-por","status":"publish","type":"page","link":"http:\/\/spss.w3.pt\/?page_id=31","title":{"rendered":"Recomendado por&#8230;"},"content":{"rendered":"<p><b><span style=\"text-decoration: underline;\">Institui\u00e7\u00f5es que recomendam este livro<\/span><\/b><\/p>\n<table border=\"0\" width=\"100%\" cellspacing=\"4\">\n<tbody>\n<tr>\n<td width=\"480\"><b>Universidade de Lisboa<\/b><br \/>\nInstituto de Geografia e Ordenamento do Territ\u00f3rio<br \/>\n<a href=\"http:\/\/www.igot.ul.pt\/pls\/portal\/docs\/PAGE\/IGOT\/MENU_CENTRAL\/CURSOS\/1_CICLO\/LICENCIATURA%20EM%20GEOGRAFIA\/PLANO%20DE%20ESTUDOS\/1_TIC-G.PDF\">Tecnologias de Informa\u00e7\u00e3o e Comunica\u00e7\u00e3o em Geografia<\/a><\/td>\n<\/tr>\n<tr>\n<td width=\"480\"><b>Universidade de Lisboa<\/b><br \/>\nDepartamento de Geografia<br \/>\n<a href=\"http:\/\/geo_igot_1.googlegroups.com\/web\/ticg0809-programa.pdf?gda=XpDkCUcAAADWoeRqwuTIPdIkqqVbBQkJTYYnh7IeERu64PfSDE_8-7ItbjwloXyUG2-gG1Wa3V1hmrMR3uGvvPr01Poh-10xeV4duv6pDMGhhhZdjQlNAw\">Tecnologias de Informa\u00e7\u00e3o e Comunica\u00e7\u00e3o em Geografia<\/a><\/td>\n<\/tr>\n<tr>\n<td width=\"480\"><b>Universidade da Beira Interior<\/b><br \/>\nEconomia &#8211; Marketing<br \/>\n<a href=\"http:\/\/www.academicos.ubi.pt\/home\/Novos_Cursos\/economia.pdf\">Sondagens e Estudos de Mercado<\/a><\/td>\n<\/tr>\n<tr>\n<td width=\"480\"><b>Universidade Nova de Lisboa<\/b><br \/>\nEscola Nacional de Saude P\u00fablica &#8211; Gest\u00e3o Cl\u00ednica<br \/>\n<a href=\"http:\/\/www.unl.pt\/guia\/2007\/ensp\/gestao-clinica.437\/uc-576.3\">Estat\u00edstica II<\/a><\/td>\n<\/tr>\n<tr>\n<td width=\"480\"><b>Instituto Superior de Engenharia de Coimbra<\/b><br \/>\nEngenharia Civil<br \/>\n<a href=\"http:\/\/lvm.isec.pt\/disciplinas\/Civil\/4%C2%BA%20Ano\/Estat%C3%ADstica%20Aplicada\/Ficha%20da%20disciplina\/FichaDisciplina.pdf\">Estat\u00edstica Aplicada<\/a><\/td>\n<\/tr>\n<tr>\n<td width=\"480\"><b>Universidade Atl\u00e2ntica<\/b><br \/>\nCi\u00eancia Pol\u00edtica e Rela\u00e7\u00f5es Internacionais<br \/>\n<a href=\"http:\/\/www.uatla.pt\/microsite_lic\/pecaf_cpri.pdf\">Probabilidade e Estat\u00edstica<\/a><\/td>\n<\/tr>\n<tr>\n<td width=\"480\"><b>Universidade de Lisboa<\/b><br \/>\nFaculdade de Ci\u00eancias &#8211; Mestrado em Educa\u00e7\u00e3o<br \/>\n<a href=\"http:\/\/www.educ.fc.ul.pt\/Mestrado2006-2007\/Programas%20dasDisciplinas\/MetodologiadeInvII.htm\">Metodologia da Investiga\u00e7\u00e3o II<\/a><\/td>\n<\/tr>\n<tr>\n<td width=\"480\"><b>Escola Superior de Estudos Industriais e de Gest\u00e3o (IPP)<\/b><br \/>\nRecursos Humanos<br \/>\n<a href=\"http:\/\/www.eseig.ipp.pt\/programas_disciplinas_2005_06\/rh_mqe_2_port.pdf\">M\u00e9todos Quantitativos e Estat\u00edsticos<\/a><\/td>\n<\/tr>\n<tr>\n<td width=\"480\"><b>Universidade Agostinho Neto<\/b><br \/>\nFaculdade de Economia &#8211; Mestrado em Economia<br \/>\n<a href=\"http:\/\/www.faceconomia-uan.ao\/docs\/RegulamentomestradoFEUAN.doc\">Estat\u00edstica e Inform\u00e1tica<\/a><\/td>\n<\/tr>\n<tr>\n<td width=\"480\"><b>Escola Superior de Tecnologia de Viseu<\/b><br \/>\nGest\u00e3o Comercial e da Produ\u00e7\u00e3o<br \/>\n<a href=\"http:\/\/www.estv.ipv.pt\/estv\/ects\/conteudoscurriculares\/gestaocomercialprod.pdf\">Estudos de Mercado<\/a><\/td>\n<\/tr>\n<tr>\n<td width=\"480\"><b>Universidade do Minho<\/b><br \/>\nEngenharia de Comunica\u00e7\u00f5es<br \/>\n<a href=\"http:\/\/lecom.eng.uminho.pt\/2003-2004\/disciplinas\/lece\/materiais.html\">Estat\u00edstica<\/a><\/td>\n<\/tr>\n<tr>\n<td width=\"480\"><b>Universidade de \u00c9vora<\/b><br \/>\nEscola Superior de Enfermagem S. Jo\u00e3o de Deus<br \/>\n<a href=\"http:\/\/www.esesjd.uevora.pt\/ese\/docs\/ects_esesjd_port.pdf\">Estat\u00edstica e Inform\u00e1tica<\/a><\/td>\n<\/tr>\n<tr>\n<td width=\"480\"><b>Universidade do Porto<\/b><br \/>\nFaculdade de Medicina<br \/>\n<a href=\"http:\/\/stat2.med.up.pt\/cursop\/introspss\/bibliografia\/index.html\">Introdu\u00e7\u00e3o ao SPSS<\/a><\/td>\n<\/tr>\n<tr>\n<td width=\"480\"><b>Universidade de Coimbra<\/b><br \/>\nFaculdade de Psicologia e de Ci\u00eancias da Educa\u00e7\u00e3o<br \/>\n<a href=\"http:\/\/www.fpce.uc.pt\/ensino\/guia0506.pdf\">Estat\u00edstica Educacional<\/a><\/td>\n<\/tr>\n<tr>\n<td width=\"480\"><b>Instituto Polit\u00e9cnico do Porto<\/b><br \/>\nRecursos Humanos<br \/>\n<a href=\"http:\/\/www.ipp.pt\/conteudos\/ECTS_PORT_v002_Abr_2005\/5P_RH%20.htm\">M\u00e9todos Quantitativos e Estat\u00edsticos<\/a><\/td>\n<\/tr>\n<tr>\n<td width=\"480\"><b>Instituto Polit\u00e9cnico de Viseu<\/b><br \/>\nEscola Superior de Educa\u00e7\u00e3o de Viseu &#8211; Educa\u00e7ao Social<br \/>\n<a href=\"http:\/\/www.esev.ipv.pt\/pessoas\/ects%20pdf\/educa%C3%A7%C3%A3o_Social_PT.pdf\">Estat\u00edstica<\/a><\/td>\n<\/tr>\n<tr>\n<td width=\"480\"><b>Universidade de Tr\u00e1s-os-Montes e Alto Douro<\/b><br \/>\nDepartamento de Desporto<br \/>\n<a href=\"http:\/\/home.utad.pt\/~desporto\/programas\/4ano\/met%20inv.htm\">Medodologia da Investiga\u00e7\u00e3o em Educa\u00e7\u00e3o F\u00edsica e Desporto<\/a><\/td>\n<\/tr>\n<tr>\n<td width=\"480\"><b>Universidade de Aveiro<\/b><br \/>\nDepartamento de Ci\u00eancias da Educa\u00e7\u00e3o<br \/>\n<a href=\"http:\/\/www.dce.ua.pt\/disciplinas.asp?disciplina=102\">Metodologia da Investiga\u00e7\u00e3o em Ci\u00eancias da Educa\u00e7\u00e3o<\/a><\/td>\n<\/tr>\n<tr>\n<td width=\"480\"><b>Universidade do Minho<\/b><br \/>\nLicenciatura em Geografia e Planeamento<br \/>\n<a href=\"http:\/\/www.sociologia.uminho.pt\/doc\/cveiga\/prog_statsgeo_0405.pdf\">Estat\u00edstica para Geografia<\/a><\/td>\n<\/tr>\n<tr>\n<td width=\"480\"><b>Universidade Independente<\/b><br \/>\nGest\u00e3o<br \/>\n<a href=\"http:\/\/unidyne.uni.pt\/~iccr\/Estrutura.htm#bibliografia\">Estudos de Mercado<\/a><\/td>\n<\/tr>\n<tr>\n<td width=\"480\"><b>Universidade de Coimbra<\/b><br \/>\nFaculdade de Direito &#8211; Licenciatura em Administra\u00e7\u00e3o P\u00fablica<br \/>\n<a href=\"http:\/\/www.mat.uc.pt\/~tenreiro\/metodosquantitativos\/meq0506\/\">M\u00e9todos Quantitativos<\/a><\/td>\n<\/tr>\n<tr>\n<td width=\"480\"><b>Universidade do Porto<\/b><br \/>\nFaculdade de Letras &#8211; Dept. Sociologia<br \/>\n<a href=\"http:\/\/sigarra.up.pt\/flup\/disciplinas_GERAL.FormView?P_ANO_LECTIVO=2005\/2006&amp;P_CAD_CODIGO=FLUP0057&amp;P_PERIODO=1S\">M\u00e9todos de An\u00e1lise de Dados Quantitativos I<\/a><\/td>\n<\/tr>\n<tr>\n<td width=\"480\"><b>Universidade do Porto<\/b><br \/>\nFaculdade de Letras &#8211; Dept. Geografia<br \/>\n<a href=\"http:\/\/sigarra.up.pt\/flup\/disciplinas_GERAL.FormView?P_ANO_LECTIVO=2005\/2006&amp;P_CAD_CODIGO=FLUP0024&amp;P_PERIODO=1S\">Elementos de Estat\u00edstica<\/a><\/td>\n<\/tr>\n<tr>\n<td width=\"480\"><b>Universidade de \u00c9vora<\/b><br \/>\nGest\u00e3o de Empresas<br \/>\n<a href=\"http:\/\/www.dmat.uevora.pt\/disciplina.php?op=ficha&amp;disciplina=1815&amp;curso=-12\">Estat\u00edstica I<\/a><\/td>\n<\/tr>\n<tr>\n<td width=\"480\"><b>Universidade de \u00c9vora<\/b><br \/>\nDepartamento de Matem\u00e1tica<br \/>\n<a href=\"http:\/\/www.ensino.uevora.pt\/pe_eg\/Bibliografia.pdf\">Probabilidades e Estat\u00edstica<\/a><\/td>\n<\/tr>\n<tr>\n<td width=\"480\"><b>Universidade de \u00c9vora<\/b><br \/>\nDepartamento de Matem\u00e1tica<br \/>\n<a href=\"http:\/\/www.uevora.pt\/pe\/wwwplanos\/web\/?opt=disciplina&amp;disciplina=4&amp;curso=317\">Estat\u00edstica Aplicada \u00e0 Gest\u00e3o<\/a><\/td>\n<\/tr>\n<\/tbody>\n<\/table>\n","protected":false},"excerpt":{"rendered":"<p>Institui\u00e7\u00f5es que recomendam este livro Universidade de Lisboa Instituto de Geografia e Ordenamento do Territ\u00f3rio Tecnologias de Informa\u00e7\u00e3o e Comunica\u00e7\u00e3o em Geografia Universidade de Lisboa Departamento de Geografia Tecnologias de Informa\u00e7\u00e3o e Comunica\u00e7\u00e3o em Geografia Universidade da Beira Interior Economia &#8211; Marketing Sondagens e Estudos de Mercado Universidade Nova de Lisboa Escola Nacional de Saude [&hellip;]<\/p>\n","protected":false},"author":1,"featured_media":0,"parent":0,"menu_order":0,"comment_status":"closed","ping_status":"closed","template":"","meta":{"footnotes":""},"_links":{"self":[{"href":"http:\/\/spss.w3.pt\/index.php?rest_route=\/wp\/v2\/pages\/31"}],"collection":[{"href":"http:\/\/spss.w3.pt\/index.php?rest_route=\/wp\/v2\/pages"}],"about":[{"href":"http:\/\/spss.w3.pt\/index.php?rest_route=\/wp\/v2\/types\/page"}],"author":[{"embeddable":true,"href":"http:\/\/spss.w3.pt\/index.php?rest_route=\/wp\/v2\/users\/1"}],"replies":[{"embeddable":true,"href":"http:\/\/spss.w3.pt\/index.php?rest_route=%2Fwp%2Fv2%2Fcomments&post=31"}],"version-history":[{"count":1,"href":"http:\/\/spss.w3.pt\/index.php?rest_route=\/wp\/v2\/pages\/31\/revisions"}],"predecessor-version":[{"id":32,"href":"http:\/\/spss.w3.pt\/index.php?rest_route=\/wp\/v2\/pages\/31\/revisions\/32"}],"wp:attachment":[{"href":"http:\/\/spss.w3.pt\/index.php?rest_route=%2Fwp%2Fv2%2Fmedia&parent=31"}],"curies":[{"name":"wp","href":"https:\/\/api.w.org\/{rel}","templated":true}]}}