{"id":73,"date":"2015-02-06T19:50:59","date_gmt":"2015-02-06T19:50:59","guid":{"rendered":"http:\/\/spss.wp.w3.pt\/?page_id=73"},"modified":"2015-02-10T20:50:35","modified_gmt":"2015-02-10T20:50:35","slug":"livros-de-teresa-patricio","status":"publish","type":"page","link":"http:\/\/spss.w3.pt\/?page_id=73","title":{"rendered":"Livros de Teresa Patr\u00edcio"},"content":{"rendered":"<p><a href=\"http:\/\/spss.w3.pt\/wp-content\/uploads\/sites\/8\/2015\/02\/SPSS-444.jpg\"><img loading=\"lazy\" decoding=\"async\" class=\" size-medium wp-image-51 alignleft\" src=\"http:\/\/spss.w3.pt\/wp-content\/uploads\/sites\/8\/2015\/02\/SPSS-444-212x300.jpg\" alt=\"SPSS-444\" width=\"212\" height=\"300\" srcset=\"http:\/\/spss.wp.w3.pt\/wp-content\/uploads\/sites\/8\/2015\/02\/SPSS-444-212x300.jpg 212w, http:\/\/spss.wp.w3.pt\/wp-content\/uploads\/sites\/8\/2015\/02\/SPSS-444-71x100.jpg 71w, http:\/\/spss.wp.w3.pt\/wp-content\/uploads\/sites\/8\/2015\/02\/SPSS-444.jpg 444w\" sizes=\"(max-width: 212px) 100vw, 212px\" \/><\/a><\/p>\n<p><a href=\"http:\/\/spss.w3.pt\">PEREIRA, Alexandre ; PATR\u00cdCIO, Teresa &#8211; SPSS: guia pr\u00e1tico de utiliza\u00e7\u00e3o: an\u00e1lise de dados para Ci\u00eancias Sociais e Psicologia. 8.\u00aa ed. Lisboa : S\u00edlabo, 2013. ISBN 978-972-618-736-3. 256p.<\/a><\/p>\n<div style=\"clear: both;\"><\/div>\n<hr \/>\n","protected":false},"excerpt":{"rendered":"<p>PEREIRA, Alexandre ; PATR\u00cdCIO, Teresa &#8211; SPSS: guia pr\u00e1tico de utiliza\u00e7\u00e3o: an\u00e1lise de dados para Ci\u00eancias Sociais e Psicologia. 8.\u00aa ed. Lisboa : S\u00edlabo, 2013. ISBN 978-972-618-736-3. 256p.<\/p>\n","protected":false},"author":1,"featured_media":0,"parent":0,"menu_order":0,"comment_status":"closed","ping_status":"closed","template":"","meta":{"footnotes":""},"_links":{"self":[{"href":"http:\/\/spss.w3.pt\/index.php?rest_route=\/wp\/v2\/pages\/73"}],"collection":[{"href":"http:\/\/spss.w3.pt\/index.php?rest_route=\/wp\/v2\/pages"}],"about":[{"href":"http:\/\/spss.w3.pt\/index.php?rest_route=\/wp\/v2\/types\/page"}],"author":[{"embeddable":true,"href":"http:\/\/spss.w3.pt\/index.php?rest_route=\/wp\/v2\/users\/1"}],"replies":[{"embeddable":true,"href":"http:\/\/spss.w3.pt\/index.php?rest_route=%2Fwp%2Fv2%2Fcomments&post=73"}],"version-history":[{"count":2,"href":"http:\/\/spss.w3.pt\/index.php?rest_route=\/wp\/v2\/pages\/73\/revisions"}],"predecessor-version":[{"id":80,"href":"http:\/\/spss.w3.pt\/index.php?rest_route=\/wp\/v2\/pages\/73\/revisions\/80"}],"wp:attachment":[{"href":"http:\/\/spss.w3.pt\/index.php?rest_route=%2Fwp%2Fv2%2Fmedia&parent=73"}],"curies":[{"name":"wp","href":"https:\/\/api.w.org\/{rel}","templated":true}]}}