{"id":8,"date":"2015-02-06T01:49:40","date_gmt":"2015-02-06T01:49:40","guid":{"rendered":"http:\/\/spss.wp.w3.pt\/?page_id=8"},"modified":"2015-02-06T10:30:06","modified_gmt":"2015-02-06T10:30:06","slug":"servicos-de-apoio-aos-utilizadores-do-spss","status":"publish","type":"page","link":"http:\/\/spss.w3.pt\/?page_id=8","title":{"rendered":"Servi\u00e7os de apoio aos utilizadores do SPSS"},"content":{"rendered":"<p>Este espa\u00e7o na Internet tem o prop\u00f3sito de <a href=\"http:\/\/spss.w3.pt\/?page_id=29\">apoiar<\/a> os investigadores que tenham necessidade de efectuar an\u00e1lises estat\u00edsticas de dados.<\/p>\n<p>O apoio \u00e9 da responsabilidade dos autores do livro &#8220;<a href=\"http:\/\/spss.w3.pt\/?page_id=11\">SPSS &#8211; Guia Pr\u00e1tico de Utiliza\u00e7\u00e3o<\/a>&#8220;, editado pela <a href=\"http:\/\/www.silabo.pt\/\">S\u00edlabo<\/a>, e da sua equipa de trabalho.<\/p>\n<p>Este espa\u00e7o disponibiliza tamb\u00e9m os <a href=\"http:\/\/spss.w3.pt\/?page_id=25\">ficheiros de dados<\/a> utilizados nos exerc\u00edcios e exemplos do livro &#8220;SPSS &#8211; Guia Pr\u00e1tico de Utiliza\u00e7\u00e3o&#8221;.<\/p>\n<p>Para al\u00e9m disso, alberga um <a href=\"http:\/\/www.dicas-spss.com\/\">Curso de SPSS<\/a> em linha, em constante actualiza\u00e7\u00e3o.<\/p>\n<p>Para adquirir o SPSS ou pedir esclarecimentos t\u00e9cnicos sobre as funcionalidades estat\u00edsticas ou sobre as vers\u00f5es ou a instala\u00e7\u00e3o do SPSS, contacte o representante em Portugal: <a href=\"http:\/\/www.pse.pt\/\">PSE<\/a>.<\/p>\n<p>Qualquer informa\u00e7\u00e3o adicional pode ser obtida a partir da <a href=\"http:\/\/www.dicas-spss.com\/?page_id=34\">janela de contactos<\/a>.<\/p>\n","protected":false},"excerpt":{"rendered":"<p>Este espa\u00e7o na Internet tem o prop\u00f3sito de apoiar os investigadores que tenham necessidade de efectuar an\u00e1lises estat\u00edsticas de dados. O apoio \u00e9 da responsabilidade dos autores do livro &#8220;SPSS &#8211; Guia Pr\u00e1tico de Utiliza\u00e7\u00e3o&#8220;, editado pela S\u00edlabo, e da sua equipa de trabalho. Este espa\u00e7o disponibiliza tamb\u00e9m os ficheiros de dados utilizados nos exerc\u00edcios [&hellip;]<\/p>\n","protected":false},"author":1,"featured_media":0,"parent":0,"menu_order":0,"comment_status":"closed","ping_status":"closed","template":"","meta":{"footnotes":""},"_links":{"self":[{"href":"http:\/\/spss.w3.pt\/index.php?rest_route=\/wp\/v2\/pages\/8"}],"collection":[{"href":"http:\/\/spss.w3.pt\/index.php?rest_route=\/wp\/v2\/pages"}],"about":[{"href":"http:\/\/spss.w3.pt\/index.php?rest_route=\/wp\/v2\/types\/page"}],"author":[{"embeddable":true,"href":"http:\/\/spss.w3.pt\/index.php?rest_route=\/wp\/v2\/users\/1"}],"replies":[{"embeddable":true,"href":"http:\/\/spss.w3.pt\/index.php?rest_route=%2Fwp%2Fv2%2Fcomments&post=8"}],"version-history":[{"count":3,"href":"http:\/\/spss.w3.pt\/index.php?rest_route=\/wp\/v2\/pages\/8\/revisions"}],"predecessor-version":[{"id":41,"href":"http:\/\/spss.w3.pt\/index.php?rest_route=\/wp\/v2\/pages\/8\/revisions\/41"}],"wp:attachment":[{"href":"http:\/\/spss.w3.pt\/index.php?rest_route=%2Fwp%2Fv2%2Fmedia&parent=8"}],"curies":[{"name":"wp","href":"https:\/\/api.w.org\/{rel}","templated":true}]}}